{"id":42,"date":"2022-10-05T14:24:42","date_gmt":"2022-10-05T14:24:42","guid":{"rendered":"http:\/\/abkam.mx\/astroglide\/?post_type=product&#038;p=42"},"modified":"2023-07-25T18:27:47","modified_gmt":"2023-07-25T18:27:47","slug":"astroglide-tarro-74ml","status":"publish","type":"product","link":"https:\/\/astroglide.mx\/?product=astroglide-tarro-74ml","title":{"rendered":"ASTROGLIDE &#8211; TARRO 74ml"},"content":{"rendered":"","protected":false},"excerpt":{"rendered":"<p>Astroglide es un lubricante intimo a base de agua que permite tener relaciones sexuales a personas con problemas de lubricaci\u00f3n reduciendo la incomodidad o la irritaci\u00f3n. Se limpia con agua y es compatible con los condones de l\u00e1tex.<\/p>\n","protected":false},"featured_media":1156,"comment_status":"open","ping_status":"closed","template":"","meta":[],"product_cat":[14],"product_tag":[36],"class_list":{"0":"post-42","1":"product","2":"type-product","3":"status-publish","4":"has-post-thumbnail","6":"product_cat-lubricante","7":"product_tag-lubricante-intimo","9":"first","10":"instock","11":"shipping-taxable","12":"product-type-simple"},"_links":{"self":[{"href":"https:\/\/astroglide.mx\/index.php?rest_route=\/wp\/v2\/product\/42","targetHints":{"allow":["GET"]}}],"collection":[{"href":"https:\/\/astroglide.mx\/index.php?rest_route=\/wp\/v2\/product"}],"about":[{"href":"https:\/\/astroglide.mx\/index.php?rest_route=\/wp\/v2\/types\/product"}],"replies":[{"embeddable":true,"href":"https:\/\/astroglide.mx\/index.php?rest_route=%2Fwp%2Fv2%2Fcomments&post=42"}],"wp:featuredmedia":[{"embeddable":true,"href":"https:\/\/astroglide.mx\/index.php?rest_route=\/wp\/v2\/media\/1156"}],"wp:attachment":[{"href":"https:\/\/astroglide.mx\/index.php?rest_route=%2Fwp%2Fv2%2Fmedia&parent=42"}],"wp:term":[{"taxonomy":"product_cat","embeddable":true,"href":"https:\/\/astroglide.mx\/index.php?rest_route=%2Fwp%2Fv2%2Fproduct_cat&post=42"},{"taxonomy":"product_tag","embeddable":true,"href":"https:\/\/astroglide.mx\/index.php?rest_route=%2Fwp%2Fv2%2Fproduct_tag&post=42"}],"curies":[{"name":"wp","href":"https:\/\/api.w.org\/{rel}","templated":true}]}}